{"id":11472,"date":"2020-03-17T10:38:28","date_gmt":"2020-03-17T09:38:28","guid":{"rendered":"https:\/\/parcodenim.com\/shop\/product\/lavanda-straight-jeans"},"modified":"2026-04-08T11:18:47","modified_gmt":"2026-04-08T09:18:47","slug":"lavanda-straight-jeans","status":"publish","type":"product","link":"https:\/\/parcodenim.com\/it\/shop\/product\/lavanda-straight-jeans","title":{"rendered":"Lavanda Straight Jeans"},"content":{"rendered":"<p>[vc_row gap=&#8221;20&#8243; content_placement=&#8221;top&#8221;][vc_column width=&#8221;1\/2&#8243;]<div class=\"konte-icon-box icon-type-fontawesome box-align-left  product-custom-details \">\r\n\t\t\t\t<div class=\"konte-icon-box__icon\"><i class=\"fas fa-tag\"><\/i><\/div>\r\n\t\t\t\t<h4 class=\"konte-icon-box__title\" >Dettagli<\/h4>\r\n\t\t\t\t<div class=\"konte-icon-box__content\"><ul>\n<li><span style=\"font-weight: 400;\">Modello classico e versatile<\/span><\/li>\n<\/ul>\n<\/div>\r\n\t\t\t<\/div>[\/vc_column][vc_column width=&#8221;1\/4&#8243;]<div class=\"konte-icon-box icon-type-fontawesome box-align-left   \">\r\n\t\t\t\t<div class=\"konte-icon-box__icon\"><i class=\"fas fa-leaf\"><\/i><\/div>\r\n\t\t\t\t<h4 class=\"konte-icon-box__title\" >Materiali<\/h4>\r\n\t\t\t\t<div class=\"konte-icon-box__content\"><ul>\n<li><span style=\"font-weight: 400;\">Denim<\/span><\/li>\n<li><span style=\"font-weight: 400;\">99% Cotone Organico (certificato GOTS), 1% Elastan<\/span><\/li>\n<li><span style=\"font-weight: 400;\">Mid stretch<\/span><\/li>\n<li><span style=\"font-weight: 400;\">Chiusura con cerniera \u00a0 \u00a0 \u00a0\u00a0<\/span><\/li>\n<li><span style=\"font-weight: 400;\">Bottone nickel-free<\/span><\/li>\n<li><span style=\"font-weight: 400;\">A 5 tasche<\/span><\/li>\n<li><span style=\"font-weight: 400;\">Etichetta cruelty-free<\/span><\/li>\n<li><span style=\"font-weight: 400;\">Denim Indaco Twill 3:1 Denim 10.5 oz<\/span><\/li>\n<\/ul>\n<\/div>\r\n\t\t\t<\/div>[\/vc_column][vc_column width=&#8221;1\/4&#8243;]<div class=\"konte-icon-box icon-type-fontawesome box-align-left   \">\r\n\t\t\t\t<div class=\"konte-icon-box__icon\"><i class=\"fas fa-ruler-combined\"><\/i><\/div>\r\n\t\t\t\t<h4 class=\"konte-icon-box__title\" >Vestibilit\u00e0<\/h4>\r\n\t\t\t\t<div class=\"konte-icon-box__content\"><ul>\n<li><span style=\"font-weight: 400;\">Vita medio-alta<\/span><\/li>\n<li><span style=\"font-weight: 400;\">Modellante sui fianchi e sulle cosce<\/span><\/li>\n<li><span style=\"font-weight: 400;\">Gamba dritta<\/span><\/li>\n<\/ul>\n<\/div>\r\n\t\t\t<\/div>[\/vc_column][\/vc_row][vc_row][vc_column]<div class=\"konte-empty-space \" style=\"height: 60px\"><\/div>[\/vc_column][\/vc_row]<\/p>\n","protected":false},"excerpt":{"rendered":"<p><span style=\"font-weight: 400;\">Lavanda Straight Jeans \u00e8 un modello classico dalla vestibilit\u00e0 poco aderente.<\/span><\/p>\n<p><span style=\"font-weight: 400;\">Il jeans ha un taglio asciutto con una linea dritta si adatta ad ogni stile e ad ogni occasione.<\/span><\/p>\n<p>Lavanda Straight Jeans \u00e8 un modello dalla comoda vita medio-alta.<\/p>\n<p>&nbsp;<\/p>\n","protected":false},"featured_media":14199,"template":"","meta":{"om_disable_all_campaigns":false,"_monsterinsights_skip_tracking":false,"_monsterinsights_sitenote_active":false,"_monsterinsights_sitenote_note":"","_monsterinsights_sitenote_category":0},"product_cat":[335,227,243],"product_tag":[],"class_list":["post-11472","product","type-product","status-publish","has-post-thumbnail","hentry","product_cat-donna","product_cat-donna-jeans","product_cat-donna-straight-ta"],"yoast_head":"<!-- This site is optimized with the Yoast SEO plugin v19.10 - https:\/\/yoast.com\/wordpress\/plugins\/seo\/ -->\n<title>Lavanda Straight Jeans - Par.co Denim<\/title>\n<meta name=\"description\" content=\"Lavanda Straight Jeans \u00e8 un modello dalla comoda vestibilit\u00e0 e dalla vita medio-alta, adatto ad ogni occasione, scopri di pi\u00f9 sul prodotto\" \/>\n<meta name=\"robots\" content=\"index, follow, max-snippet:-1, max-image-preview:large, max-video-preview:-1\" \/>\n<link rel=\"canonical\" href=\"https:\/\/parcodenim.com\/it\/shop\/product\/lavanda-straight-jeans\" \/>\n<meta property=\"og:locale\" content=\"it_IT\" \/>\n<meta property=\"og:type\" content=\"article\" \/>\n<meta property=\"og:title\" content=\"Lavanda Straight Jeans - Par.co Denim\" \/>\n<meta property=\"og:description\" content=\"Lavanda Straight Jeans \u00e8 un modello dalla comoda vestibilit\u00e0 e dalla vita medio-alta, adatto ad ogni occasione, scopri di pi\u00f9 sul prodotto\" \/>\n<meta property=\"og:url\" content=\"https:\/\/parcodenim.com\/it\/shop\/product\/lavanda-straight-jeans\" \/>\n<meta property=\"og:site_name\" content=\"Par.co Denim\" \/>\n<meta property=\"article:modified_time\" content=\"2026-04-08T09:18:47+00:00\" \/>\n<meta property=\"og:image\" content=\"https:\/\/parcodenim.com\/wp-content\/uploads\/2020\/03\/Parco_E-commerce_Spring2021_Lavanta_Straight-TA_0327.jpg\" \/>\n\t<meta property=\"og:image:width\" content=\"1280\" \/>\n\t<meta property=\"og:image:height\" content=\"1920\" \/>\n\t<meta property=\"og:image:type\" content=\"image\/jpeg\" \/>\n<meta name=\"twitter:card\" content=\"summary_large_image\" \/>\n<meta name=\"twitter:label1\" content=\"Tempo di lettura stimato\" \/>\n\t<meta name=\"twitter:data1\" content=\"1 minuto\" \/>\n<script type=\"application\/ld+json\" class=\"yoast-schema-graph\">{\"@context\":\"https:\/\/schema.org\",\"@graph\":[{\"@type\":\"WebPage\",\"@id\":\"https:\/\/parcodenim.com\/it\/shop\/product\/lavanda-straight-jeans\",\"url\":\"https:\/\/parcodenim.com\/it\/shop\/product\/lavanda-straight-jeans\",\"name\":\"Lavanda Straight Jeans - Par.co Denim\",\"isPartOf\":{\"@id\":\"https:\/\/parcodenim.com\/it\/#website\"},\"datePublished\":\"2020-03-17T09:38:28+00:00\",\"dateModified\":\"2026-04-08T09:18:47+00:00\",\"description\":\"Lavanda Straight Jeans \u00e8 un modello dalla comoda vestibilit\u00e0 e dalla vita medio-alta, adatto ad ogni occasione, scopri di pi\u00f9 sul prodotto\",\"breadcrumb\":{\"@id\":\"https:\/\/parcodenim.com\/it\/shop\/product\/lavanda-straight-jeans#breadcrumb\"},\"inLanguage\":\"it-IT\",\"potentialAction\":[{\"@type\":\"ReadAction\",\"target\":[\"https:\/\/parcodenim.com\/it\/shop\/product\/lavanda-straight-jeans\"]}]},{\"@type\":\"BreadcrumbList\",\"@id\":\"https:\/\/parcodenim.com\/it\/shop\/product\/lavanda-straight-jeans#breadcrumb\",\"itemListElement\":[{\"@type\":\"ListItem\",\"position\":1,\"name\":\"Home\",\"item\":\"https:\/\/parcodenim.com\/it\"},{\"@type\":\"ListItem\",\"position\":2,\"name\":\"Shop\",\"item\":\"https:\/\/parcodenim.com\/it\/shop\"},{\"@type\":\"ListItem\",\"position\":3,\"name\":\"Lavanda Straight Jeans\"}]},{\"@type\":\"WebSite\",\"@id\":\"https:\/\/parcodenim.com\/it\/#website\",\"url\":\"https:\/\/parcodenim.com\/it\/\",\"name\":\"Par.co Denim\",\"description\":\"Your eco-friendly jeans\",\"potentialAction\":[{\"@type\":\"SearchAction\",\"target\":{\"@type\":\"EntryPoint\",\"urlTemplate\":\"https:\/\/parcodenim.com\/it\/?s={search_term_string}\"},\"query-input\":\"required name=search_term_string\"}],\"inLanguage\":\"it-IT\"}]}<\/script>\n<!-- \/ Yoast SEO plugin. -->","yoast_head_json":{"title":"Lavanda Straight Jeans - Par.co Denim","description":"Lavanda Straight Jeans \u00e8 un modello dalla comoda vestibilit\u00e0 e dalla vita medio-alta, adatto ad ogni occasione, scopri di pi\u00f9 sul prodotto","robots":{"index":"index","follow":"follow","max-snippet":"max-snippet:-1","max-image-preview":"max-image-preview:large","max-video-preview":"max-video-preview:-1"},"canonical":"https:\/\/parcodenim.com\/it\/shop\/product\/lavanda-straight-jeans","og_locale":"it_IT","og_type":"article","og_title":"Lavanda Straight Jeans - Par.co Denim","og_description":"Lavanda Straight Jeans \u00e8 un modello dalla comoda vestibilit\u00e0 e dalla vita medio-alta, adatto ad ogni occasione, scopri di pi\u00f9 sul prodotto","og_url":"https:\/\/parcodenim.com\/it\/shop\/product\/lavanda-straight-jeans","og_site_name":"Par.co Denim","article_modified_time":"2026-04-08T09:18:47+00:00","og_image":[{"width":1280,"height":1920,"url":"https:\/\/parcodenim.com\/wp-content\/uploads\/2020\/03\/Parco_E-commerce_Spring2021_Lavanta_Straight-TA_0327.jpg","type":"image\/jpeg"}],"twitter_card":"summary_large_image","twitter_misc":{"Tempo di lettura stimato":"1 minuto"},"schema":{"@context":"https:\/\/schema.org","@graph":[{"@type":"WebPage","@id":"https:\/\/parcodenim.com\/it\/shop\/product\/lavanda-straight-jeans","url":"https:\/\/parcodenim.com\/it\/shop\/product\/lavanda-straight-jeans","name":"Lavanda Straight Jeans - Par.co Denim","isPartOf":{"@id":"https:\/\/parcodenim.com\/it\/#website"},"datePublished":"2020-03-17T09:38:28+00:00","dateModified":"2026-04-08T09:18:47+00:00","description":"Lavanda Straight Jeans \u00e8 un modello dalla comoda vestibilit\u00e0 e dalla vita medio-alta, adatto ad ogni occasione, scopri di pi\u00f9 sul prodotto","breadcrumb":{"@id":"https:\/\/parcodenim.com\/it\/shop\/product\/lavanda-straight-jeans#breadcrumb"},"inLanguage":"it-IT","potentialAction":[{"@type":"ReadAction","target":["https:\/\/parcodenim.com\/it\/shop\/product\/lavanda-straight-jeans"]}]},{"@type":"BreadcrumbList","@id":"https:\/\/parcodenim.com\/it\/shop\/product\/lavanda-straight-jeans#breadcrumb","itemListElement":[{"@type":"ListItem","position":1,"name":"Home","item":"https:\/\/parcodenim.com\/it"},{"@type":"ListItem","position":2,"name":"Shop","item":"https:\/\/parcodenim.com\/it\/shop"},{"@type":"ListItem","position":3,"name":"Lavanda Straight Jeans"}]},{"@type":"WebSite","@id":"https:\/\/parcodenim.com\/it\/#website","url":"https:\/\/parcodenim.com\/it\/","name":"Par.co Denim","description":"Your eco-friendly jeans","potentialAction":[{"@type":"SearchAction","target":{"@type":"EntryPoint","urlTemplate":"https:\/\/parcodenim.com\/it\/?s={search_term_string}"},"query-input":"required name=search_term_string"}],"inLanguage":"it-IT"}]}},"jetpack_sharing_enabled":true,"_links":{"self":[{"href":"https:\/\/parcodenim.com\/it\/wp-json\/wp\/v2\/product\/11472"}],"collection":[{"href":"https:\/\/parcodenim.com\/it\/wp-json\/wp\/v2\/product"}],"about":[{"href":"https:\/\/parcodenim.com\/it\/wp-json\/wp\/v2\/types\/product"}],"wp:featuredmedia":[{"embeddable":true,"href":"https:\/\/parcodenim.com\/it\/wp-json\/wp\/v2\/media\/14199"}],"wp:attachment":[{"href":"https:\/\/parcodenim.com\/it\/wp-json\/wp\/v2\/media?parent=11472"}],"wp:term":[{"taxonomy":"product_cat","embeddable":true,"href":"https:\/\/parcodenim.com\/it\/wp-json\/wp\/v2\/product_cat?post=11472"},{"taxonomy":"product_tag","embeddable":true,"href":"https:\/\/parcodenim.com\/it\/wp-json\/wp\/v2\/product_tag?post=11472"}],"curies":[{"name":"wp","href":"https:\/\/api.w.org\/{rel}","templated":true}]}}