{"id":16850,"date":"2021-10-05T10:13:28","date_gmt":"2021-10-06T08:53:01","guid":{"rendered":"https:\/\/parcodenim.com\/?post_type=product&#038;p=16850"},"modified":"2025-10-22T20:38:12","modified_gmt":"2025-10-22T18:38:12","slug":"daisy-medium-boot-cut-jeans","status":"publish","type":"product","link":"https:\/\/parcodenim.com\/it\/shop\/product\/daisy-medium-boot-cut-jeans","title":{"rendered":"Daisy Medium Boot cut Jeans"},"content":{"rendered":"<p>[vc_row][vc_column][vc_column_text]<span style=\"font-weight: 400;\">Il jeans pi\u00f9 in voga del momento<\/span><span style=\"font-weight: 400;\">, <\/span><span style=\"font-weight: 400;\">un must per chiunque desideri un look anni &#8217;90. Pi\u00f9 aderenti nella met\u00e0 superiore, i Daisy Boot Cut Jeans esaltano le forme, mentre la leggera svasatura a campana sotto il ginocchio crea una seducente silhouette. La speciale composizione del tessuto li rende confortevoli e modellanti, adatti anche alle fisicit\u00e0 pi\u00f9 formose.\u00a0<\/span><\/p>\n<p>&nbsp;<\/p>\n<p><b>Dettagli<\/b><span style=\"font-weight: 400;\">:\u00a0<\/span><\/p>\n<ul>\n<li style=\"font-weight: 400;\" aria-level=\"1\"><span style=\"font-weight: 400;\">Pantalone 5 tasche.<\/span><\/li>\n<li style=\"font-weight: 400;\" aria-level=\"1\"><span style=\"font-weight: 400;\">Vita medio-alta.\u00a0<\/span><\/li>\n<li style=\"font-weight: 400;\" aria-level=\"1\"><span style=\"font-weight: 400;\">Cintura con passanti.<\/span><\/li>\n<\/ul>\n<p>&nbsp;<\/p>\n<p><b>Vestibilit\u00e0<\/b><span style=\"font-weight: 400;\">:\u00a0<\/span><\/p>\n<ul>\n<li style=\"font-weight: 400;\" aria-level=\"1\"><span style=\"font-weight: 400;\">Aderente sui fianchi e sulle cosce.<\/span><\/li>\n<li style=\"font-weight: 400;\" aria-level=\"1\"><span style=\"font-weight: 400;\">Tessuto confortevole e modellante.<\/span><\/li>\n<li style=\"font-weight: 400;\" aria-level=\"1\"><span style=\"font-weight: 400;\">Perfetto per slanciare la figura.<\/span><\/li>\n<li style=\"font-weight: 400;\" aria-level=\"1\"><span style=\"font-weight: 400;\">Svasati dal ginocchio alla caviglia con leggero effetto a campana.<\/span><\/li>\n<\/ul>\n<p>&nbsp;<\/p>\n<p><b>Materiali<\/b><span style=\"font-weight: 400;\">:<\/span><\/p>\n<ul>\n<li style=\"font-weight: 400;\" aria-level=\"1\"><span style=\"font-weight: 400;\">11 Oz.\u00a0<\/span><\/li>\n<li style=\"font-weight: 400;\" aria-level=\"1\"><span style=\"font-weight: 400;\">Cotone Organico 3:1 Twill Tinto Filo Indaco Stretch.<\/span><\/li>\n<li style=\"font-weight: 400;\" aria-level=\"1\"><span style=\"font-weight: 400;\">98% Cotone Organico, 2% Elastan. <\/span><span style=\"font-weight: 400;\">\u00a0<\/span><\/li>\n<li style=\"font-weight: 400;\" aria-level=\"1\"><span style=\"font-weight: 400;\">Certificazione GOTS (Global Organic Textile Standard).<\/span><\/li>\n<li style=\"font-weight: 400;\" aria-level=\"1\"><span style=\"font-weight: 400;\">Bottoni e rivetti in Zama, lega Nichel Free e anallergica.<\/span><\/li>\n<li style=\"font-weight: 400;\" aria-level=\"1\"><span style=\"font-weight: 400;\">Salpa originale, realizzata con tessuto denim Par.co di recupero e sughero.<\/span><\/li>\n<li style=\"font-weight: 400;\" aria-level=\"1\"><span style=\"font-weight: 400;\">Etichetta interna con logo in cotone organico certificato GOTS.<\/span><\/li>\n<li style=\"font-weight: 400;\" aria-level=\"1\"><span style=\"font-weight: 400;\">Etichetta esterna prodotta con carta seminabile.<\/span><\/li>\n<\/ul>\n<p>&nbsp;<\/p>\n<p><b>Particolarit\u00e0<\/b><span style=\"font-weight: 400;\">: Il cotone organico viene fatto crescere in modo naturale senza l\u2019utilizzo di agenti chimici. L\u2019elasticit\u00e0 del tessuto \u00e8 data dalla percentuale di un elastomero biodegradabile. Il denim \u00e8 tinto con indaco naturale.<\/span>[\/vc_column_text][\/vc_column][\/vc_row]<\/p>\n","protected":false},"excerpt":{"rendered":"<p>[vc_row][vc_column][vc_column_text]Il jeans pi\u00f9 in voga del momento, un must per chiunque desideri un look anni &#8217;90. Pi\u00f9 aderenti nella met\u00e0 superiore, i Daisy Boot Cut Jeans esaltano le forme, mentre&hellip;<\/p>\n","protected":false},"featured_media":16837,"template":"","meta":{"om_disable_all_campaigns":false,"_monsterinsights_skip_tracking":false,"_monsterinsights_sitenote_active":false,"_monsterinsights_sitenote_note":"","_monsterinsights_sitenote_category":0},"product_cat":[322,335,227,265],"product_tag":[327,331],"class_list":["post-16850","product","type-product","status-publish","has-post-thumbnail","hentry","product_cat-moonlight-it","product_cat-donna","product_cat-donna-jeans","product_cat-donna-boot-cut","product_tag-moonlight-it","product_tag-moonlight-donna"],"yoast_head":"<!-- This site is optimized with the Yoast SEO plugin v19.10 - https:\/\/yoast.com\/wordpress\/plugins\/seo\/ -->\n<title>Daisy Medium Boot cut Jeans - Par.co Denim<\/title>\n<meta name=\"robots\" content=\"index, follow, max-snippet:-1, max-image-preview:large, max-video-preview:-1\" \/>\n<link rel=\"canonical\" href=\"https:\/\/parcodenim.com\/it\/shop\/product\/daisy-medium-boot-cut-jeans\" \/>\n<meta property=\"og:locale\" content=\"it_IT\" \/>\n<meta property=\"og:type\" content=\"article\" \/>\n<meta property=\"og:title\" content=\"Daisy Medium Boot cut Jeans - Par.co Denim\" \/>\n<meta property=\"og:description\" content=\"[vc_row][vc_column][vc_column_text]Il jeans pi\u00f9 in voga del momento, un must per chiunque desideri un look anni &#8217;90. Pi\u00f9 aderenti nella met\u00e0 superiore, i Daisy Boot Cut Jeans esaltano le forme, mentre&hellip;\" \/>\n<meta property=\"og:url\" content=\"https:\/\/parcodenim.com\/it\/shop\/product\/daisy-medium-boot-cut-jeans\" \/>\n<meta property=\"og:site_name\" content=\"Par.co Denim\" \/>\n<meta property=\"article:modified_time\" content=\"2025-10-22T18:38:12+00:00\" \/>\n<meta property=\"og:image\" content=\"https:\/\/parcodenim.com\/wp-content\/uploads\/2021\/10\/Jeans_Parco-Denim_0015.jpg\" \/>\n\t<meta property=\"og:image:width\" content=\"4303\" \/>\n\t<meta property=\"og:image:height\" content=\"6454\" \/>\n\t<meta property=\"og:image:type\" content=\"image\/jpeg\" \/>\n<meta name=\"twitter:card\" content=\"summary_large_image\" \/>\n<meta name=\"twitter:label1\" content=\"Tempo di lettura stimato\" \/>\n\t<meta name=\"twitter:data1\" content=\"1 minuto\" \/>\n<script type=\"application\/ld+json\" class=\"yoast-schema-graph\">{\"@context\":\"https:\/\/schema.org\",\"@graph\":[{\"@type\":\"WebPage\",\"@id\":\"https:\/\/parcodenim.com\/it\/shop\/product\/daisy-medium-boot-cut-jeans\",\"url\":\"https:\/\/parcodenim.com\/it\/shop\/product\/daisy-medium-boot-cut-jeans\",\"name\":\"Daisy Medium Boot cut Jeans - Par.co Denim\",\"isPartOf\":{\"@id\":\"https:\/\/parcodenim.com\/it\/#website\"},\"datePublished\":\"2021-10-06T08:53:01+00:00\",\"dateModified\":\"2025-10-22T18:38:12+00:00\",\"breadcrumb\":{\"@id\":\"https:\/\/parcodenim.com\/it\/shop\/product\/daisy-medium-boot-cut-jeans#breadcrumb\"},\"inLanguage\":\"it-IT\",\"potentialAction\":[{\"@type\":\"ReadAction\",\"target\":[\"https:\/\/parcodenim.com\/it\/shop\/product\/daisy-medium-boot-cut-jeans\"]}]},{\"@type\":\"BreadcrumbList\",\"@id\":\"https:\/\/parcodenim.com\/it\/shop\/product\/daisy-medium-boot-cut-jeans#breadcrumb\",\"itemListElement\":[{\"@type\":\"ListItem\",\"position\":1,\"name\":\"Home\",\"item\":\"https:\/\/parcodenim.com\/it\"},{\"@type\":\"ListItem\",\"position\":2,\"name\":\"Shop\",\"item\":\"https:\/\/parcodenim.com\/it\/shop\"},{\"@type\":\"ListItem\",\"position\":3,\"name\":\"Daisy Medium Boot cut Jeans\"}]},{\"@type\":\"WebSite\",\"@id\":\"https:\/\/parcodenim.com\/it\/#website\",\"url\":\"https:\/\/parcodenim.com\/it\/\",\"name\":\"Par.co Denim\",\"description\":\"Your eco-friendly jeans\",\"potentialAction\":[{\"@type\":\"SearchAction\",\"target\":{\"@type\":\"EntryPoint\",\"urlTemplate\":\"https:\/\/parcodenim.com\/it\/?s={search_term_string}\"},\"query-input\":\"required name=search_term_string\"}],\"inLanguage\":\"it-IT\"}]}<\/script>\n<!-- \/ Yoast SEO plugin. -->","yoast_head_json":{"title":"Daisy Medium Boot cut Jeans - Par.co Denim","robots":{"index":"index","follow":"follow","max-snippet":"max-snippet:-1","max-image-preview":"max-image-preview:large","max-video-preview":"max-video-preview:-1"},"canonical":"https:\/\/parcodenim.com\/it\/shop\/product\/daisy-medium-boot-cut-jeans","og_locale":"it_IT","og_type":"article","og_title":"Daisy Medium Boot cut Jeans - Par.co Denim","og_description":"[vc_row][vc_column][vc_column_text]Il jeans pi\u00f9 in voga del momento, un must per chiunque desideri un look anni &#8217;90. Pi\u00f9 aderenti nella met\u00e0 superiore, i Daisy Boot Cut Jeans esaltano le forme, mentre&hellip;","og_url":"https:\/\/parcodenim.com\/it\/shop\/product\/daisy-medium-boot-cut-jeans","og_site_name":"Par.co Denim","article_modified_time":"2025-10-22T18:38:12+00:00","og_image":[{"width":4303,"height":6454,"url":"https:\/\/parcodenim.com\/wp-content\/uploads\/2021\/10\/Jeans_Parco-Denim_0015.jpg","type":"image\/jpeg"}],"twitter_card":"summary_large_image","twitter_misc":{"Tempo di lettura stimato":"1 minuto"},"schema":{"@context":"https:\/\/schema.org","@graph":[{"@type":"WebPage","@id":"https:\/\/parcodenim.com\/it\/shop\/product\/daisy-medium-boot-cut-jeans","url":"https:\/\/parcodenim.com\/it\/shop\/product\/daisy-medium-boot-cut-jeans","name":"Daisy Medium Boot cut Jeans - Par.co Denim","isPartOf":{"@id":"https:\/\/parcodenim.com\/it\/#website"},"datePublished":"2021-10-06T08:53:01+00:00","dateModified":"2025-10-22T18:38:12+00:00","breadcrumb":{"@id":"https:\/\/parcodenim.com\/it\/shop\/product\/daisy-medium-boot-cut-jeans#breadcrumb"},"inLanguage":"it-IT","potentialAction":[{"@type":"ReadAction","target":["https:\/\/parcodenim.com\/it\/shop\/product\/daisy-medium-boot-cut-jeans"]}]},{"@type":"BreadcrumbList","@id":"https:\/\/parcodenim.com\/it\/shop\/product\/daisy-medium-boot-cut-jeans#breadcrumb","itemListElement":[{"@type":"ListItem","position":1,"name":"Home","item":"https:\/\/parcodenim.com\/it"},{"@type":"ListItem","position":2,"name":"Shop","item":"https:\/\/parcodenim.com\/it\/shop"},{"@type":"ListItem","position":3,"name":"Daisy Medium Boot cut Jeans"}]},{"@type":"WebSite","@id":"https:\/\/parcodenim.com\/it\/#website","url":"https:\/\/parcodenim.com\/it\/","name":"Par.co Denim","description":"Your eco-friendly jeans","potentialAction":[{"@type":"SearchAction","target":{"@type":"EntryPoint","urlTemplate":"https:\/\/parcodenim.com\/it\/?s={search_term_string}"},"query-input":"required name=search_term_string"}],"inLanguage":"it-IT"}]}},"jetpack_sharing_enabled":true,"_links":{"self":[{"href":"https:\/\/parcodenim.com\/it\/wp-json\/wp\/v2\/product\/16850"}],"collection":[{"href":"https:\/\/parcodenim.com\/it\/wp-json\/wp\/v2\/product"}],"about":[{"href":"https:\/\/parcodenim.com\/it\/wp-json\/wp\/v2\/types\/product"}],"wp:featuredmedia":[{"embeddable":true,"href":"https:\/\/parcodenim.com\/it\/wp-json\/wp\/v2\/media\/16837"}],"wp:attachment":[{"href":"https:\/\/parcodenim.com\/it\/wp-json\/wp\/v2\/media?parent=16850"}],"wp:term":[{"taxonomy":"product_cat","embeddable":true,"href":"https:\/\/parcodenim.com\/it\/wp-json\/wp\/v2\/product_cat?post=16850"},{"taxonomy":"product_tag","embeddable":true,"href":"https:\/\/parcodenim.com\/it\/wp-json\/wp\/v2\/product_tag?post=16850"}],"curies":[{"name":"wp","href":"https:\/\/api.w.org\/{rel}","templated":true}]}}